{"id":1388,"date":"2022-10-25T22:17:52","date_gmt":"2022-10-26T01:17:52","guid":{"rendered":"https:\/\/www.cemeru.com.br\/novosite\/?page_id=1388"},"modified":"2023-11-23T16:45:18","modified_gmt":"2023-11-23T19:45:18","slug":"documentos","status":"publish","type":"page","link":"https:\/\/www.cemeru.com.br\/novosite\/documentos\/","title":{"rendered":"Documentos"},"content":{"rendered":"\t\t<div data-elementor-type=\"wp-page\" data-elementor-id=\"1388\" class=\"elementor elementor-1388\" data-elementor-settings=\"{&quot;ha_cmc_init_switcher&quot;:&quot;no&quot;}\" data-elementor-post-type=\"page\">\n\t\t\t\t\t\t<section class=\"elementor-section elementor-top-section elementor-element elementor-element-5a6da7ca elementor-section-boxed elementor-section-height-default elementor-section-height-default\" data-id=\"5a6da7ca\" data-element_type=\"section\" data-settings=\"{&quot;background_background&quot;:&quot;classic&quot;,&quot;_ha_eqh_enable&quot;:false}\">\n\t\t\t\t\t\t<div class=\"elementor-container elementor-column-gap-default\">\n\t\t\t\t\t<div class=\"elementor-column elementor-col-100 elementor-top-column elementor-element elementor-element-7180cd8d\" data-id=\"7180cd8d\" data-element_type=\"column\">\n\t\t\t<div class=\"elementor-widget-wrap elementor-element-populated\">\n\t\t\t\t\t\t\t<\/div>\n\t\t<\/div>\n\t\t\t\t\t<\/div>\n\t\t<\/section>\n\t\t\t\t<section class=\"elementor-section elementor-top-section elementor-element elementor-element-1675ef9 elementor-section-boxed elementor-section-height-default elementor-section-height-default\" data-id=\"1675ef9\" data-element_type=\"section\" data-settings=\"{&quot;_ha_eqh_enable&quot;:false}\">\n\t\t\t\t\t\t<div class=\"elementor-container elementor-column-gap-default\">\n\t\t\t\t\t<div class=\"elementor-column elementor-col-100 elementor-top-column elementor-element elementor-element-e6aa07d\" data-id=\"e6aa07d\" data-element_type=\"column\">\n\t\t\t<div class=\"elementor-widget-wrap elementor-element-populated\">\n\t\t\t\t\t\t<section class=\"elementor-section elementor-inner-section elementor-element elementor-element-0b414a8 elementor-section-full_width elementor-section-content-middle elementor-section-height-default elementor-section-height-default elementor-invisible\" data-id=\"0b414a8\" data-element_type=\"section\" data-settings=\"{&quot;animation&quot;:&quot;fadeInUp&quot;,&quot;_ha_eqh_enable&quot;:false}\">\n\t\t\t\t\t\t<div class=\"elementor-container elementor-column-gap-no\">\n\t\t\t\t\t<div data-ha-element-link=\"{&quot;url&quot;:&quot;https:\\\/\\\/www.cemeru.com.br\\\/novosite\\\/documentos\\\/programa-de-qualificacao\\\/&quot;,&quot;is_external&quot;:&quot;&quot;,&quot;nofollow&quot;:&quot;&quot;}\" style=\"cursor: pointer\" class=\"elementor-column elementor-col-25 elementor-inner-column elementor-element elementor-element-702a394\" data-id=\"702a394\" data-element_type=\"column\" data-settings=\"{&quot;background_background&quot;:&quot;classic&quot;}\">\n\t\t\t<div class=\"elementor-widget-wrap elementor-element-populated\">\n\t\t\t\t\t\t<div class=\"elementor-element elementor-element-ec0ec32 elementor-view-default elementor-widget elementor-widget-icon\" data-id=\"ec0ec32\" data-element_type=\"widget\" data-widget_type=\"icon.default\">\n\t\t\t\t<div class=\"elementor-widget-container\">\n\t\t\t\t\t<div class=\"elementor-icon-wrapper\">\n\t\t\t<div class=\"elementor-icon\">\n\t\t\t<i aria-hidden=\"true\" class=\"hm hm-graph\"><\/i>\t\t\t<\/div>\n\t\t<\/div>\n\t\t\t\t<\/div>\n\t\t\t\t<\/div>\n\t\t\t\t<div class=\"elementor-element elementor-element-6bba11e elementor-widget elementor-widget-heading\" data-id=\"6bba11e\" data-element_type=\"widget\" data-widget_type=\"heading.default\">\n\t\t\t\t<div class=\"elementor-widget-container\">\n\t\t\t<h2 class=\"elementor-heading-title elementor-size-default\">Programa de Qualifica\u00e7\u00e3o de Operadoras - IDSS<\/h2>\t\t<\/div>\n\t\t\t\t<\/div>\n\t\t\t\t\t<\/div>\n\t\t<\/div>\n\t\t\t\t<div data-ha-element-link=\"{&quot;url&quot;:&quot;https:\\\/\\\/www.cemeru.com.br\\\/novosite\\\/documentos\\\/reajuste-plano-empresarial\\\/&quot;,&quot;is_external&quot;:&quot;&quot;,&quot;nofollow&quot;:&quot;&quot;}\" style=\"cursor: pointer\" class=\"elementor-column elementor-col-25 elementor-inner-column elementor-element elementor-element-71acc7e\" data-id=\"71acc7e\" data-element_type=\"column\" data-settings=\"{&quot;background_background&quot;:&quot;classic&quot;}\">\n\t\t\t<div class=\"elementor-widget-wrap elementor-element-populated\">\n\t\t\t\t\t\t<div class=\"elementor-element elementor-element-4db2154 elementor-view-default elementor-widget elementor-widget-icon\" data-id=\"4db2154\" data-element_type=\"widget\" data-widget_type=\"icon.default\">\n\t\t\t\t<div class=\"elementor-widget-container\">\n\t\t\t\t\t<div class=\"elementor-icon-wrapper\">\n\t\t\t<div class=\"elementor-icon\">\n\t\t\t<svg xmlns=\"http:\/\/www.w3.org\/2000\/svg\" xmlns:xlink=\"http:\/\/www.w3.org\/1999\/xlink\" id=\"Layer_1\" x=\"0px\" y=\"0px\" viewBox=\"0 0 24 24\" style=\"enable-background:new 0 0 24 24;\" xml:space=\"preserve\"><style type=\"text\/css\">\t.st0{fill:none;stroke:#303C42;stroke-linecap:round;stroke-linejoin:round;}<\/style><title>Time is Money<\/title><g id=\"Time_is_Money\">\t<g id=\"_Group_\">\t\t<g id=\"_Group_2\">\t\t\t<circle id=\"_Path_\" class=\"st0\" cx=\"17\" cy=\"17\" r=\"5.5\" style=\"fill: none; stroke: #303C42; stroke-linecap: round; stroke-linejoin: round;\"><\/circle>\t\t\t<path id=\"_Path_2\" class=\"st0\" d=\"M15.5,19.5h1.8c0.7,0,1.2-0.6,1.2-1.2l0,0c0-0.7-0.6-1.2-1.2-1.2h-0.5c-0.7,0-1.2-0.6-1.2-1.2     l0,0c0-0.7,0.6-1.2,1.2-1.2h1.8\" style=\"fill: none; stroke: #303C42; stroke-linecap: round; stroke-linejoin: round;\"><\/path>\t\t\t<line id=\"_Path_3\" class=\"st0\" x1=\"17\" y1=\"13.5\" x2=\"17\" y2=\"14.5\" style=\"fill: none; stroke: #303C42; stroke-linecap: round; stroke-linejoin: round;\"><\/line>\t\t\t<line id=\"_Path_4\" class=\"st0\" x1=\"17\" y1=\"19.5\" x2=\"17\" y2=\"20.5\" style=\"fill: none; stroke: #303C42; stroke-linecap: round; stroke-linejoin: round;\"><\/line>\t\t<\/g>\t\t<polyline id=\"_Path_5\" class=\"st0\" points=\"10.5,4.5 10.5,10.5 7.5,13.5   \" style=\"fill: none; stroke: #303C42; stroke-linecap: round; stroke-linejoin: round;\"><\/polyline>\t\t<path id=\"_Path_6\" class=\"st0\" d=\"M19.4,12c0.9-4.9-2.4-9.6-7.4-10.5S2.4,4,1.5,8.9S4,18.5,8.9,19.4c1,0.2,2.1,0.2,3.1,0\" style=\"fill: none; stroke: #303C42; stroke-linecap: round; stroke-linejoin: round;\"><\/path>\t<\/g><\/g>\t<metadata>\t\t    <\/metadata><\/svg>\t\t\t<\/div>\n\t\t<\/div>\n\t\t\t\t<\/div>\n\t\t\t\t<\/div>\n\t\t\t\t<div class=\"elementor-element elementor-element-2550503 elementor-widget elementor-widget-heading\" data-id=\"2550503\" data-element_type=\"widget\" data-widget_type=\"heading.default\">\n\t\t\t\t<div class=\"elementor-widget-container\">\n\t\t\t<h2 class=\"elementor-heading-title elementor-size-default\">Reajuste Plano Empresarial - ANS - RN309<\/h2>\t\t<\/div>\n\t\t\t\t<\/div>\n\t\t\t\t\t<\/div>\n\t\t<\/div>\n\t\t\t\t<div data-ha-element-link=\"{&quot;url&quot;:&quot;http:\\\/\\\/portal.cemeru.com.br\\\/&quot;,&quot;is_external&quot;:&quot;&quot;,&quot;nofollow&quot;:&quot;&quot;}\" style=\"cursor: pointer\" class=\"elementor-column elementor-col-25 elementor-inner-column elementor-element elementor-element-ac4d4ab\" data-id=\"ac4d4ab\" data-element_type=\"column\" data-settings=\"{&quot;background_background&quot;:&quot;classic&quot;}\">\n\t\t\t<div class=\"elementor-widget-wrap elementor-element-populated\">\n\t\t\t\t\t\t<div class=\"elementor-element elementor-element-0a0902c elementor-view-default elementor-widget elementor-widget-icon\" data-id=\"0a0902c\" data-element_type=\"widget\" data-widget_type=\"icon.default\">\n\t\t\t\t<div class=\"elementor-widget-container\">\n\t\t\t\t\t<div class=\"elementor-icon-wrapper\">\n\t\t\t<div class=\"elementor-icon\">\n\t\t\t<svg xmlns=\"http:\/\/www.w3.org\/2000\/svg\" width=\"32\" height=\"32\" viewBox=\"0 0 8.467 8.467\"><path d=\"m 1.9295978,289.93378 -1.24540163,1.2454 1.24540163,1.2454 0.3741367,-0.37414 -0.6066816,-0.60668 h 5.4466966 v -0.52917 H 1.6970529 l 0.6066816,-0.60668 z m 4.6074701,3.175 -0.3741367,0.37413 0.6066816,0.60668 H 1.3229162 v 0.52917 h 5.4466966 l -0.6066816,0.60668 0.3741367,0.37414 1.2454017,-1.2454 z\" font-family=\"sans-serif\" font-weight=\"400\" transform=\"translate(0 -288.533)\" style=\"line-height:normal;font-variant-ligatures:normal;font-variant-position:normal;font-variant-caps:normal;font-variant-numeric:normal;font-variant-alternates:normal;font-feature-settings:normal;text-indent:0;text-align:start;text-decoration-line:none;text-decoration-style:solid;text-decoration-color:#000;text-transform:none;text-orientation:mixed;shape-padding:0;isolation:auto;mix-blend-mode:normal\"><\/path><\/svg>\t\t\t<\/div>\n\t\t<\/div>\n\t\t\t\t<\/div>\n\t\t\t\t<\/div>\n\t\t\t\t<div class=\"elementor-element elementor-element-94c94a6 elementor-widget elementor-widget-heading\" data-id=\"94c94a6\" data-element_type=\"widget\" data-widget_type=\"heading.default\">\n\t\t\t\t<div class=\"elementor-widget-container\">\n\t\t\t<h2 class=\"elementor-heading-title elementor-size-default\">Substitui\u00e7\u00e3o de Prestadores - ANS - RN 365<\/h2>\t\t<\/div>\n\t\t\t\t<\/div>\n\t\t\t\t\t<\/div>\n\t\t<\/div>\n\t\t\t\t<div data-ha-element-link=\"{&quot;url&quot;:&quot;https:\\\/\\\/www.cemeru.com.br\\\/novosite\\\/documentos\\\/demonstracoes-financeiras\\\/&quot;,&quot;is_external&quot;:&quot;&quot;,&quot;nofollow&quot;:&quot;&quot;}\" style=\"cursor: pointer\" class=\"elementor-column elementor-col-25 elementor-inner-column elementor-element elementor-element-f1fbc8c\" data-id=\"f1fbc8c\" data-element_type=\"column\" data-settings=\"{&quot;background_background&quot;:&quot;classic&quot;}\">\n\t\t\t<div class=\"elementor-widget-wrap elementor-element-populated\">\n\t\t\t\t\t\t<div class=\"elementor-element elementor-element-0c27908 elementor-view-default elementor-widget elementor-widget-icon\" data-id=\"0c27908\" data-element_type=\"widget\" data-widget_type=\"icon.default\">\n\t\t\t\t<div class=\"elementor-widget-container\">\n\t\t\t\t\t<div class=\"elementor-icon-wrapper\">\n\t\t\t<div class=\"elementor-icon\">\n\t\t\t<svg xmlns=\"http:\/\/www.w3.org\/2000\/svg\" viewBox=\"0 0 48 48\"><path d=\"M30.32.5c-9.47 0-17.18 7.71-17.18 17.18 0 3.51 1.06 6.77 2.87 9.49l-2.69 2.69-.73-.73a.996.996 0 0 0-1.41 0L2.1 38.21C1.07 39.24.51 40.61.51 42.06s.57 2.82 1.59 3.85c1.06 1.06 2.46 1.59 3.85 1.59s2.79-.53 3.85-1.59l9.08-9.08c.19-.19.29-.44.29-.71s-.11-.52-.29-.71l-.73-.73L20.83 32a17.07 17.07 0 0 0 9.49 2.87c9.47 0 17.18-7.71 17.18-17.18C47.5 8.21 39.79.5 30.32.5zM8.38 44.49a3.452 3.452 0 0 1-4.87 0 3.429 3.429 0 0 1 0-4.86l8.37-8.37 4.87 4.87-8.37 8.36zm8.35-11.22-2-2 2.49-2.49c.61.72 1.28 1.39 2 2l-2.49 2.49zm13.59-.4c-8.37 0-15.18-6.81-15.18-15.18 0-8.37 6.81-15.18 15.18-15.18 8.37 0 15.18 6.81 15.18 15.18 0 8.37-6.81 15.18-15.18 15.18z\"><\/path><path d=\"M30.32 13.81c.79 0 1.44.65 1.44 1.44 0 .55.45 1 1 1s1-.45 1-1c0-1.55-1.03-2.84-2.44-3.27v-1.12c0-.55-.45-1-1-1s-1 .45-1 1v1.12c-1.41.43-2.44 1.73-2.44 3.27 0 1.9 1.54 3.44 3.44 3.44.79 0 1.44.65 1.44 1.44a1.44 1.44 0 0 1-2.88 0c0-.55-.45-1-1-1s-1 .45-1 1c0 1.55 1.03 2.84 2.44 3.27v1.12c0 .55.45 1 1 1s1-.45 1-1V23.4c1.41-.43 2.44-1.73 2.44-3.27 0-1.9-1.54-3.44-3.44-3.44a1.44 1.44 0 0 1 0-2.88z\"><\/path><path d=\"M30.32 5.64c-6.64 0-12.04 5.4-12.04 12.04 0 6.64 5.4 12.04 12.04 12.04 6.64 0 12.04-5.4 12.04-12.04 0-6.64-5.4-12.04-12.04-12.04zm0 22.09c-5.54 0-10.04-4.5-10.04-10.04 0-5.54 4.5-10.04 10.04-10.04 5.54 0 10.04 4.5 10.04 10.04 0 5.53-4.5 10.04-10.04 10.04z\"><\/path><\/svg>\t\t\t<\/div>\n\t\t<\/div>\n\t\t\t\t<\/div>\n\t\t\t\t<\/div>\n\t\t\t\t<div class=\"elementor-element elementor-element-8c72fae elementor-widget elementor-widget-heading\" data-id=\"8c72fae\" data-element_type=\"widget\" data-widget_type=\"heading.default\">\n\t\t\t\t<div class=\"elementor-widget-container\">\n\t\t\t<h2 class=\"elementor-heading-title elementor-size-default\">Demonstra\u00e7\u00f5es Financeiras<\/h2>\t\t<\/div>\n\t\t\t\t<\/div>\n\t\t\t\t\t<\/div>\n\t\t<\/div>\n\t\t\t\t\t<\/div>\n\t\t<\/section>\n\t\t\t\t\t<\/div>\n\t\t<\/div>\n\t\t\t\t\t<\/div>\n\t\t<\/section>\n\t\t\t\t<section class=\"elementor-section elementor-top-section elementor-element elementor-element-e2c7655 elementor-section-boxed elementor-section-height-default elementor-section-height-default\" data-id=\"e2c7655\" data-element_type=\"section\" data-settings=\"{&quot;background_background&quot;:&quot;classic&quot;,&quot;_ha_eqh_enable&quot;:false}\">\n\t\t\t\t\t\t<div class=\"elementor-container elementor-column-gap-default\">\n\t\t\t\t\t<div class=\"elementor-column elementor-col-100 elementor-top-column elementor-element elementor-element-0cc671f\" data-id=\"0cc671f\" data-element_type=\"column\">\n\t\t\t<div class=\"elementor-widget-wrap\">\n\t\t\t\t\t\t\t<\/div>\n\t\t<\/div>\n\t\t\t\t\t<\/div>\n\t\t<\/section>\n\t\t\t\t<\/div>\n\t\t","protected":false},"excerpt":{"rendered":"<p>Programa de Qualifica\u00e7\u00e3o de Operadoras &#8211; IDSS Time is Money Reajuste Plano Empresarial &#8211; ANS &#8211; RN309 Substitui\u00e7\u00e3o de Prestadores &#8211; ANS &#8211; RN 365 Demonstra\u00e7\u00f5es Financeiras<\/p>\n","protected":false},"author":3,"featured_media":0,"parent":0,"menu_order":0,"comment_status":"closed","ping_status":"closed","template":"","meta":{"site-sidebar-layout":"no-sidebar","site-content-layout":"page-builder","ast-site-content-layout":"","site-content-style":"default","site-sidebar-style":"default","ast-global-header-display":"","ast-banner-title-visibility":"","ast-main-header-display":"","ast-hfb-above-header-display":"","ast-hfb-below-header-display":"","ast-hfb-mobile-header-display":"","site-post-title":"disabled","ast-breadcrumbs-content":"","ast-featured-img":"disabled","footer-sml-layout":"","theme-transparent-header-meta":"","adv-header-id-meta":"","stick-header-meta":"","header-above-stick-meta":"","header-main-stick-meta":"","header-below-stick-meta":"","astra-migrate-meta-layouts":"","footnotes":""},"class_list":["post-1388","page","type-page","status-publish","hentry"],"jetpack_sharing_enabled":true,"_links":{"self":[{"href":"https:\/\/www.cemeru.com.br\/novosite\/wp-json\/wp\/v2\/pages\/1388","targetHints":{"allow":["GET"]}}],"collection":[{"href":"https:\/\/www.cemeru.com.br\/novosite\/wp-json\/wp\/v2\/pages"}],"about":[{"href":"https:\/\/www.cemeru.com.br\/novosite\/wp-json\/wp\/v2\/types\/page"}],"author":[{"embeddable":true,"href":"https:\/\/www.cemeru.com.br\/novosite\/wp-json\/wp\/v2\/users\/3"}],"replies":[{"embeddable":true,"href":"https:\/\/www.cemeru.com.br\/novosite\/wp-json\/wp\/v2\/comments?post=1388"}],"version-history":[{"count":3,"href":"https:\/\/www.cemeru.com.br\/novosite\/wp-json\/wp\/v2\/pages\/1388\/revisions"}],"predecessor-version":[{"id":3402,"href":"https:\/\/www.cemeru.com.br\/novosite\/wp-json\/wp\/v2\/pages\/1388\/revisions\/3402"}],"wp:attachment":[{"href":"https:\/\/www.cemeru.com.br\/novosite\/wp-json\/wp\/v2\/media?parent=1388"}],"curies":[{"name":"wp","href":"https:\/\/api.w.org\/{rel}","templated":true}]}}